{"id":29,"date":"2020-01-07T08:21:40","date_gmt":"2020-01-07T07:21:40","guid":{"rendered":"http:\/\/www.friolclub.fr\/wp\/?page_id=29"},"modified":"2026-04-30T22:09:36","modified_gmt":"2026-04-30T20:09:36","slug":"acceuil","status":"publish","type":"page","link":"http:\/\/www.friolclub.fr\/","title":{"rendered":"Accueil"},"content":{"rendered":"<ul class=\"g1-grid\"><li class=\"g1-column g1-two-fifth g1-valign-top\">\n<div id=\"g1-box-counter-1\" class=\"g1-box g1-box--simple  g1-box--icon\" ><i class=\"fa fa-info g1-box__icon\"><\/i><div class=\"g1-box__inner\">\n<h4 style=\"text-align: left;\"><span style=\"color: #c03432;\"><strong>Nos manifestations et s\u00e9jours en 2026<\/strong><\/span><\/h4>\n<ul>\n<li style=\"text-align: left;\"><a href=\"http:\/\/www.friolclub.fr\/?page_id=1187\"><span style=\"color: #ff0000;\"><span dir=\"ltr\" role=\"presentation\"><span style=\"color: #000000;\">Journ\u00e9e de la Femme : V\u00e9lo et Pickleball\u00a0 le dimanche 8 mars 2026<\/span><\/span><\/span><\/a><\/li>\n<li style=\"text-align: left;\"><span style=\"color: #999999;\"><strong>S\u00e9jour cycliste en Italie dans le vignoble du Prosecco et sur les rives du Lac de Garde du 3 au 10 mai 2026 (r\u00e9serv\u00e9s aux membres du club poss\u00e9dant une licence FFCT) <\/strong><\/span><\/li>\n<li style=\"text-align: left;\"><span style=\"color: #999999;\"><a style=\"color: #999999;\" href=\"https:\/\/www.la-gtmc.com\/itineraire\/grande-traversee-du-massif-central-gravel\" target=\"_blank\" rel=\"noopener noreferrer\"><strong>Rando Gravel 6 jours dans le Massif Central sur la GTMC du 18 mai au 24 (pour les membres du club)<\/strong><\/a><\/span><\/li>\n<li style=\"text-align: left;\"><span style=\"color: #999999;\"><a href=\"http:\/\/www.friolclub.fr\/?page_id=141\"><strong><span dir=\"ltr\" role=\"presentation\">Rando du Doux le samedi 30 mai 2026<\/span><\/strong><\/a><br \/>\n<\/span><\/li>\n<li style=\"text-align: left;\"><span style=\"color: #999999;\"><strong>L&rsquo;Ard\u00e9choise du 9 au 13 juin 2026<\/strong><\/span><\/li>\n<li style=\"text-align: left;\"><span style=\"color: #999999;\"><strong><a style=\"color: #999999;\" href=\"https:\/\/www.la-forestiere.com\/forestcime-challenge-granfondo\/\" target=\"_blank\" rel=\"noopener noreferrer\">La Forest Cime\u00a0 Challenge en 3 jours dans le Haut Jura du 26 au 28 juin 2026<\/a><\/strong><\/span><\/li>\n<li style=\"text-align: left;\"><span style=\"color: #999999;\"><a style=\"color: #999999;\" href=\"https:\/\/www.cyclodromoise.com\" target=\"_blank\" rel=\"noopener noreferrer\"><strong>Un, deux ou trois jours \u00e0 Die pour la Dromoise : 19-20-21 septembre (pour les membres du club)<\/strong><\/a><br \/>\n<\/span><\/li>\n<\/ul>\n<\/div><\/div>\n<\/li><!-- -->\n<li class=\"g1-column g1-one-third g1-valign-top\">\n<div id=\"g1-box-counter-2\" class=\"g1-box g1-box--simple  g1-box--icon\" ><i class=\"fa fa-info g1-box__icon\"><\/i><div class=\"g1-box__inner\">\n<h4><span style=\"color: #ff0000;\"><strong><span style=\"color: #000000;\">D\u00e9part de tous les parcours du stade de Tournon (depuis le\u00a0 lundi 6 avril 2026)<\/span><br \/>\n<\/strong><\/span><\/h4>\n<h4><span style=\"color: #ff0000;\"><strong>Nouveaux horaires \u00e0 partir du samedi 2 mai :<br \/>\n<\/strong><\/span><span style=\"color: #ff0000;\"><strong>Le samedi : deux d\u00e9parts \u00e0 8h00 et 9h00<br \/>\nEn semaine d\u00e9part \u00e0 8h00<br \/>\nLe dimanche d\u00e9part \u00e0 9h00<\/strong><\/span><\/h4>\n<\/div><\/div>\n<\/li><!-- -->\n<li class=\"g1-column g1-one-fourth g1-valign-top\">\n<\/li><!-- -->\n<div id=\"g1-divider-1\" class=\"g1-divider g1-divider--none g1-divider--noicon \"><\/div>\n<div id=\"g1-custom-posts-shortcode-1\" class=\"g1-collection-recent_works g1-custom-posts-shortcode g1-shortcode \">\n\n<!-- BEGIN: .g1-collection -->\n<div class=\"g1-collection g1-collection--grid g1-collection--one-fourth g1-collection--simple g1-effect-none\">\n    <ul><!-- --><li class=\"g1-collection__item\">\n        <article id=\"post-2420\" class=\"post-2420 g1_work type-g1_work status-publish format-standard has-post-thumbnail g1-brief\">\n    <figure class=\"entry-featured-media\">\n<a href=\"http:\/\/www.friolclub.fr\/?g1_work=journees-des-feminines-du-15-mars-2026\" id=\"g1-frame-1\" class=\"g1-frame g1-frame--none g1-frame--inherit g1-frame--center \"><span class=\"g1-decorator\">\n\t\t\t\t<img loading=\"lazy\" decoding=\"async\" width=\"179\" height=\"134\" src=\"http:\/\/www.friolclub.fr\/wp\/wp-content\/uploads\/2026\/03\/journee-femmes-15-mars.jpg\" class=\"attachment-g1_one_fourth size-g1_one_fourth wp-post-image\" alt=\"\" \/>\n\t\t\t\t<span class=\"g1-indicator g1-indicator-document\"><\/span>\n<\/span><\/a>\n<\/figure>\n    <div class=\"g1-nonmedia\">\n        <div class=\"g1-inner\">\n            <header class=\"entry-header\">\n                <h3><a href=\"http:\/\/www.friolclub.fr\/?g1_work=journees-des-feminines-du-15-mars-2026\" title=\"Journ\u00e9es des f\u00e9minines du 15 mars 2026\" >Journ\u00e9es des f\u00e9minines du 15 mars 2026<\/a><\/h3>                                <p class=\"entry-meta g1-meta\">\n                    <time itemprop=\"datePublished\" datetime=\"2026-03-22T15:58:27\" class=\"entry-date\">22 mars 2026<\/time>                            \t\t\t<span class=\"entry-author\">by\t\t\n\t\t\t<a href=\"http:\/\/www.friolclub.fr\/?author=2\" title=\"Posts by Michel Lhardy\" rel=\"author\">\t\t\t\t\t\t\t\t\t<span>Michel Lhardy<\/span>\n\t\t\t\t\t\t\t<\/a>\n\t\t<\/span>\n                            <span class=\"entry-comments-link\">\n    \t<span>Comments are off<\/span>    <\/span>\n                    <\/p>\n                            <\/header><!-- .entry-header -->\n\n            <div class=\"entry-summary\"><p>Dimanche 15 mars le Codep 26 organisait une randonn\u00e9e route femmes, au d\u00e9part de la salle communale de Vaunaveys la Rochette Objectif : se retrouver entre femmes pour partager une belle journ\u00e9e plac\u00e9e sous le signe du v\u00e9lo et de la convivialit\u00e9 ! Journ\u00e9e ouverte \u00e0 toutes les cyclistes, passionn\u00e9es, d\u00e9butantes ou confirm\u00e9es, licenci\u00e9es ou [&hellip;]<\/p>\n<\/div>\n            <footer class=\"entry-footer\">\n                                <div class=\"g1-meta entry-terms\">\n                                                        <\/div>\n                \n                                    <div>\n                        <a id=\"g1-button-1\" class=\"g1-button g1-button--small g1-button--solid g1-button--standard \" href=\"http:\/\/www.friolclub.fr\/?g1_work=journees-des-feminines-du-15-mars-2026\" >More<\/a>                    <\/div>\n                            <\/footer><!-- .entry-footer -->\n        <\/div>\n        <div class=\"g1-01\"><\/div>\n    <\/div>\n\n<\/article><!-- .post-XX -->    <\/li><!-- --><li class=\"g1-collection__item\">\n        <article id=\"post-2401\" class=\"post-2401 g1_work type-g1_work status-publish format-standard has-post-thumbnail g1-brief\">\n    <figure class=\"entry-featured-media\">\n<a href=\"http:\/\/www.friolclub.fr\/?g1_work=8-mars-2026-une-belle-journee-de-sport-et-de-rencontres-pour-les-femmes\" id=\"g1-frame-2\" class=\"g1-frame g1-frame--none g1-frame--inherit g1-frame--center \"><span class=\"g1-decorator\">\n\t\t\t\t<img loading=\"lazy\" decoding=\"async\" width=\"179\" height=\"134\" src=\"http:\/\/www.friolclub.fr\/wp\/wp-content\/uploads\/2026\/03\/photo-groupe-8mars.jpg\" class=\"attachment-g1_one_fourth size-g1_one_fourth wp-post-image\" alt=\"\" \/>\n\t\t\t\t<span class=\"g1-indicator g1-indicator-document\"><\/span>\n<\/span><\/a>\n<\/figure>\n    <div class=\"g1-nonmedia\">\n        <div class=\"g1-inner\">\n            <header class=\"entry-header\">\n                <h3><a href=\"http:\/\/www.friolclub.fr\/?g1_work=8-mars-2026-une-belle-journee-de-sport-et-de-rencontres-pour-les-femmes\" title=\"8 mars 2026 : une belle journ\u00e9e de sport et de rencontre pour les femmes\" >8 mars 2026 : une belle journ\u00e9e de sport et de rencontre pour les femmes<\/a><\/h3>                                <p class=\"entry-meta g1-meta\">\n                    <time itemprop=\"datePublished\" datetime=\"2026-03-09T18:51:17\" class=\"entry-date\">9 mars 2026<\/time>                            \t\t\t<span class=\"entry-author\">by\t\t\n\t\t\t<a href=\"http:\/\/www.friolclub.fr\/?author=2\" title=\"Posts by Michel Lhardy\" rel=\"author\">\t\t\t\t\t\t\t\t\t<span>Michel Lhardy<\/span>\n\t\t\t\t\t\t\t<\/a>\n\t\t<\/span>\n                            <span class=\"entry-comments-link\">\n    \t<span>Comments are off<\/span>    <\/span>\n                    <\/p>\n                            <\/header><!-- .entry-header -->\n\n            <div class=\"entry-summary\"><p>Dimanche 8 mars 2026 \u00e0 l\u2019occasion de la Journ\u00e9e de la femme le sport s&rsquo;est conjugu\u00e9e au f\u00e9minin \u00e0 Tournon. Organis\u00e9e conjointement par le Tennis Club et le Friol Club ce sont 25 femmes de tous ages qui ont \u00e9t\u00e9 accueillies sur le site du Tennis de Club de Tournon par son pr\u00e9sident et Isabelle [&hellip;]<\/p>\n<\/div>\n            <footer class=\"entry-footer\">\n                                <div class=\"g1-meta entry-terms\">\n                                                        <\/div>\n                \n                                    <div>\n                        <a id=\"g1-button-2\" class=\"g1-button g1-button--small g1-button--solid g1-button--standard \" href=\"http:\/\/www.friolclub.fr\/?g1_work=8-mars-2026-une-belle-journee-de-sport-et-de-rencontres-pour-les-femmes\" >More<\/a>                    <\/div>\n                            <\/footer><!-- .entry-footer -->\n        <\/div>\n        <div class=\"g1-01\"><\/div>\n    <\/div>\n\n<\/article><!-- .post-XX -->    <\/li><!-- --><li class=\"g1-collection__item\">\n        <article id=\"post-2347\" class=\"post-2347 g1_work type-g1_work status-publish format-standard has-post-thumbnail g1-brief\">\n    <figure class=\"entry-featured-media\">\n<a href=\"http:\/\/www.friolclub.fr\/?g1_work=trois-friols-a-linauguration-de-la-signalisation-des-deux-montees-mythiques-du-championnat-deurope-le-14-decembre\" id=\"g1-frame-3\" class=\"g1-frame g1-frame--none g1-frame--inherit g1-frame--center \"><span class=\"g1-decorator\">\n\t\t\t\t<img loading=\"lazy\" decoding=\"async\" width=\"93\" height=\"134\" src=\"http:\/\/www.friolclub.fr\/wp\/wp-content\/uploads\/2026\/01\/Val-enfer-r\u00e9duite.jpg\" class=\"attachment-g1_one_fourth size-g1_one_fourth wp-post-image\" alt=\"\" \/>\n\t\t\t\t<span class=\"g1-indicator g1-indicator-document\"><\/span>\n<\/span><\/a>\n<\/figure>\n    <div class=\"g1-nonmedia\">\n        <div class=\"g1-inner\">\n            <header class=\"entry-header\">\n                <h3><a href=\"http:\/\/www.friolclub.fr\/?g1_work=trois-friols-a-linauguration-de-la-signalisation-des-deux-montees-mythiques-du-championnat-deurope-le-14-decembre\" title=\"Le Friol \u00e0 l&rsquo;inauguration des deux mont\u00e9es \u00ab\u00a0mythiques\u00a0\u00bb du Championnat d&rsquo;Europe le 14  d\u00e9cembre\" >Le Friol \u00e0 l&rsquo;inauguration des deux mont\u00e9es \u00ab\u00a0mythiques\u00a0\u00bb du Championnat d&rsquo;Europe le 14  d\u00e9cembre<\/a><\/h3>                                <p class=\"entry-meta g1-meta\">\n                    <time itemprop=\"datePublished\" datetime=\"2025-12-16T18:52:22\" class=\"entry-date\">16 d\u00e9cembre 2025<\/time>                            \t\t\t<span class=\"entry-author\">by\t\t\n\t\t\t<a href=\"http:\/\/www.friolclub.fr\/?author=2\" title=\"Posts by Michel Lhardy\" rel=\"author\">\t\t\t\t\t\t\t\t\t<span>Michel Lhardy<\/span>\n\t\t\t\t\t\t\t<\/a>\n\t\t<\/span>\n                            <span class=\"entry-comments-link\">\n    \t<span>Comments are off<\/span>    <\/span>\n                    <\/p>\n                            <\/header><!-- .entry-header -->\n\n            <div class=\"entry-summary\"><p>Dimanche 14 d\u00e9cembre, les \u00e9lus de Rh\u00f4ne Crussol, du D\u00e9partement de l\u2019Ard\u00e8che et les dirigeants des Boucles Dr\u00f4me Ard\u00e8che ont inaugur\u00e9 la signalisation des deux \u201cMont\u00e9es mythiques\u201d du mur des Royes, entre Ch\u00e2teaubourg et Saint-Romain-de-Lerps, et du val d\u2019Enfer, \u00e0 Guilherand-Granges. Deux itin\u00e9raires popularis\u00e9s par les championnats d\u2019Europe de cyclisme en octobre dernier. Le matin [&hellip;]<\/p>\n<\/div>\n            <footer class=\"entry-footer\">\n                                <div class=\"g1-meta entry-terms\">\n                                                        <\/div>\n                \n                                    <div>\n                        <a id=\"g1-button-3\" class=\"g1-button g1-button--small g1-button--solid g1-button--standard \" href=\"http:\/\/www.friolclub.fr\/?g1_work=trois-friols-a-linauguration-de-la-signalisation-des-deux-montees-mythiques-du-championnat-deurope-le-14-decembre\" >More<\/a>                    <\/div>\n                            <\/footer><!-- .entry-footer -->\n        <\/div>\n        <div class=\"g1-01\"><\/div>\n    <\/div>\n\n<\/article><!-- .post-XX -->    <\/li><!-- --><li class=\"g1-collection__item\">\n        <article id=\"post-2294\" class=\"post-2294 g1_work type-g1_work status-publish format-standard has-post-thumbnail g1-brief\">\n    <figure class=\"entry-featured-media\">\n<a href=\"http:\/\/www.friolclub.fr\/?g1_work=anniversaire-des-50-ans-du-friol-une-vraie-reussite\" id=\"g1-frame-4\" class=\"g1-frame g1-frame--none g1-frame--inherit g1-frame--center \"><span class=\"g1-decorator\">\n\t\t\t\t<img loading=\"lazy\" decoding=\"async\" width=\"239\" height=\"108\" src=\"http:\/\/www.friolclub.fr\/wp\/wp-content\/uploads\/2025\/11\/20251108_113010.jpg\" class=\"attachment-g1_one_fourth size-g1_one_fourth wp-post-image\" alt=\"\" \/>\n\t\t\t\t<span class=\"g1-indicator g1-indicator-document\"><\/span>\n<\/span><\/a>\n<\/figure>\n    <div class=\"g1-nonmedia\">\n        <div class=\"g1-inner\">\n            <header class=\"entry-header\">\n                <h3><a href=\"http:\/\/www.friolclub.fr\/?g1_work=anniversaire-des-50-ans-du-friol-une-vraie-reussite\" title=\"Anniversaire des 50 ans du Friol : un vrai succ\u00e8s\" >Anniversaire des 50 ans du Friol : un vrai succ\u00e8s<\/a><\/h3>                                <p class=\"entry-meta g1-meta\">\n                    <time itemprop=\"datePublished\" datetime=\"2025-11-21T17:58:10\" class=\"entry-date\">21 novembre 2025<\/time>                            \t\t\t<span class=\"entry-author\">by\t\t\n\t\t\t<a href=\"http:\/\/www.friolclub.fr\/?author=2\" title=\"Posts by Michel Lhardy\" rel=\"author\">\t\t\t\t\t\t\t\t\t<span>Michel Lhardy<\/span>\n\t\t\t\t\t\t\t<\/a>\n\t\t<\/span>\n                            <span class=\"entry-comments-link\">\n    \t<span>Comments are off<\/span>    <\/span>\n                    <\/p>\n                            <\/header><!-- .entry-header -->\n\n            <div class=\"entry-summary\"><p>De nombreux visiteurs sont venus d\u00e9couvrir l&rsquo;exposition des 50 ans du Friol. Anciens ou nouveaux membres, cyclistes d&rsquo;autres clubs et passionn\u00e9s de v\u00e9lo \u00e9taient pr\u00e9sents samedi 8 et dimanche 9 novembre \u00e0 la salle Charles Trenet de Tain l&rsquo;Hermitage. L&rsquo;inauguration a eu lieu samedi en fin de matin\u00e9e en pr\u00e9sence du maire de Tain l&rsquo;Hermitage [&hellip;]<\/p>\n<\/div>\n            <footer class=\"entry-footer\">\n                                <div class=\"g1-meta entry-terms\">\n                                                        <\/div>\n                \n                                    <div>\n                        <a id=\"g1-button-4\" class=\"g1-button g1-button--small g1-button--solid g1-button--standard \" href=\"http:\/\/www.friolclub.fr\/?g1_work=anniversaire-des-50-ans-du-friol-une-vraie-reussite\" >More<\/a>                    <\/div>\n                            <\/footer><!-- .entry-footer -->\n        <\/div>\n        <div class=\"g1-01\"><\/div>\n    <\/div>\n\n<\/article><!-- .post-XX -->    <\/li><!-- --><\/ul>\n<\/div>\n<!-- END: .g1-collection -->\n\n<\/div>\n","protected":false},"excerpt":{"rendered":"","protected":false},"author":1,"featured_media":0,"parent":0,"menu_order":0,"comment_status":"closed","ping_status":"closed","template":"g1_template_page_full.php","meta":{"footnotes":""},"class_list":{"0":"post-29","1":"page","2":"type-page","3":"status-publish","5":"g1-brief"},"_links":{"self":[{"href":"http:\/\/www.friolclub.fr\/index.php?rest_route=\/wp\/v2\/pages\/29","targetHints":{"allow":["GET"]}}],"collection":[{"href":"http:\/\/www.friolclub.fr\/index.php?rest_route=\/wp\/v2\/pages"}],"about":[{"href":"http:\/\/www.friolclub.fr\/index.php?rest_route=\/wp\/v2\/types\/page"}],"author":[{"embeddable":true,"href":"http:\/\/www.friolclub.fr\/index.php?rest_route=\/wp\/v2\/users\/1"}],"replies":[{"embeddable":true,"href":"http:\/\/www.friolclub.fr\/index.php?rest_route=%2Fwp%2Fv2%2Fcomments&post=29"}],"version-history":[{"count":200,"href":"http:\/\/www.friolclub.fr\/index.php?rest_route=\/wp\/v2\/pages\/29\/revisions"}],"predecessor-version":[{"id":2436,"href":"http:\/\/www.friolclub.fr\/index.php?rest_route=\/wp\/v2\/pages\/29\/revisions\/2436"}],"wp:attachment":[{"href":"http:\/\/www.friolclub.fr\/index.php?rest_route=%2Fwp%2Fv2%2Fmedia&parent=29"}],"curies":[{"name":"wp","href":"https:\/\/api.w.org\/{rel}","templated":true}]}}