{"id":50,"date":"2020-01-07T13:53:06","date_gmt":"2020-01-07T12:53:06","guid":{"rendered":"http:\/\/www.friolclub.fr\/wp\/?page_id=50"},"modified":"2024-12-13T10:22:02","modified_gmt":"2024-12-13T09:22:02","slug":"le-bureau","status":"publish","type":"page","link":"http:\/\/www.friolclub.fr\/?page_id=50","title":{"rendered":"Le bureau"},"content":{"rendered":"<span id=\"g1-space-1\" class=\"g1-space \" style=\"height:30px;\"><\/span>\n<p><span style=\"color: #c03432;\"><strong>Composition du bureau<\/strong><\/span><\/p>\n<ul class=\"g1-grid\"><li class=\"g1-column g1-one-fifth g1-valign-top\">\n<p><strong>Pr\u00e9sident<br \/>\n<\/strong>Christian CARRO<br \/>\ntel : 06 7un 7six zero4 73<br \/>\n<a href=\"mailto:president@friolclub.fr\">Email<\/a><\/p>\n<\/li><!-- -->\n<li class=\"g1-column g1-one-fifth g1-valign-top\">\n<p><strong>Vice pr\u00e9sidente &#8211; Secr\u00e9taire et communication &#8211; R\u00e9f\u00e9rente femmes du club<\/strong><br \/>\nIsabelle VERMENOT<br \/>\n<a href=\"mailto:secretaire@friolclub.fr\">Email<\/a><\/p>\n<\/li><!-- -->\n<li class=\"g1-column g1-one-fifth g1-valign-top\">\n<p><strong>Tr\u00e9sorier<br \/>\n<\/strong>Jean Fran\u00e7ois PERRET<br \/>\n06 quatre3 88 quatre5 sept8<br \/>\n<a href=\"mailto:tresorier@friolclub.fr\">Email<\/a><\/p>\n<\/li><!-- -->\n<li class=\"g1-column g1-one-fifth g1-valign-top\">\n<p><strong>Correspondant FSGT<\/strong><br \/>\nJean Marc Larriviere<br \/>\nt\u00e9l : ZEROsix 35 TROIS SIX 18 trente quatre<br \/>\n<a href=\"jmlarriviere@wanadoo.fr\" target=\"_blank\" rel=\"noopener noreferrer\">Email<\/a><\/p>\n<\/li><!-- -->\n<li class=\"g1-column g1-one-fifth g1-valign-top\">\n<p><strong>Correspondant FFCT<\/strong><br \/>\nHenri NEYRET<br \/>\ntel : 04 7cinq zero8 75 trois5<br \/>\n<a href=\"mailto:henri.neyret@wanadoo.fr\">Email<\/a><\/p>\n<\/li><!-- --><\/ul>\n<ul class=\"g1-grid\"><li class=\"g1-column g1-one-fifth g1-valign-top\">\n<p><strong>Organisation Randonn\u00e9e du Doux<\/strong><br \/>\nChristian CARRO<br \/>\ntel : 06 7un 7six zero4 73<br \/>\n<a href=\"mailto:ccarro@eximium.fr\">Email<\/a><\/p>\n<\/li><!-- -->\n<li class=\"g1-column g1-one-fifth g1-valign-top\">\n<p><strong>Responsable des maillots<\/strong><br \/>\nYolande Billon<br \/>\ntel : 06 sept8 un4 4quatre 39<br \/>\n<a href=\"mailto:rob.billon@orange.fr\">Email<\/a><\/p>\n<\/li><!-- -->\n<li class=\"g1-column g1-one-fifth g1-valign-top\">\n<p><strong>S\u00e9jours &#8211; Voyage v\u00e9los<br \/>\n<\/strong>Eric MOUTOUS<br \/>\ntel : 06 6zero huit4 neuf9 cinq2<br \/>\n<a href=\"mailto:eric_moutous65@orange.fr\" target=\"_blank\" rel=\"noopener noreferrer\">Email<\/a><\/p>\n<\/li><!-- -->\n<li class=\"g1-column g1-one-fifth g1-valign-top\">\n<p><strong>Activit\u00e9 Gravel<br \/>\n<\/strong>Pierre Bailleul<br \/>\nt\u00e9l : 06 80 44 trois cinq 82<br \/>\n<a href=\"mailto:pierrebailleul@free.fr\">Email<\/a><\/p>\n<\/li><!-- -->\n<li class=\"g1-column g1-one-fifth g1-valign-top\">\n<p><strong>Responsable Whats&rsquo;App du club<\/strong><\/p>\n<p>Thierry VALLA<br \/>\ntel : 06 8zero 0six 7un 74<br \/>\n<a href=\"mailto:valla.thierry@gmail.com\">Email<\/a><\/p>\n<\/li><!-- --><\/ul>\n<div id=\"g1-box-counter-1\" class=\"g1-box g1-box--simple  g1-box--noicon\" ><div class=\"g1-box__inner\">\n<h3><strong>Fonctions hors bureau assur\u00e9es par des membres du club<\/strong><\/h3>\n<\/div><\/div>\n<ul class=\"g1-grid\"><li class=\"g1-column g1-one-fifth g1-valign-top\">\n<p><strong>Responsable du site internet (Webmaster)\u00a0\u00a0<\/strong><br \/>\nMichel LHARDY<br \/>\ntel : 06 sept4 six7 5huit 55<br \/>\n<a href=\"mailto:michel.lhardy@gmail.com\" target=\"_blank\" rel=\"noopener noreferrer\">Email<\/a><\/p>\n<\/li><!-- -->\n<li class=\"g1-column g1-one-fifth g1-valign-top\">\n<p><strong>Cr\u00e9ation et diffusion des parcours routes du samedi<br \/>\nMarc DUPUY<br \/>\n<\/strong><a href=\"mailto:marcodupuy07@gmail.com&gt;\">Email<\/a><br \/>\nt\u00e9l : 06 z\u00e9rosix 62 neuf9 61<\/p>\n<p><strong>Jean Louis CHENE<br \/>\n<\/strong><a href=\"mailto:jean-louis.chene@orange.fr\">Email<\/a><br \/>\nt\u00e9l : 06 19 deuxcinq 13 8deux<\/p>\n<\/li><!-- -->\n<li class=\"g1-column g1-three-fifth g1-valign-top\">\n<\/li><!-- --><\/ul>\n<span id=\"g1-space-2\" class=\"g1-space \" style=\"height:20px;\"><\/span>\n","protected":false},"excerpt":{"rendered":"<p>Composition du bureau<\/p>\n","protected":false},"author":1,"featured_media":0,"parent":0,"menu_order":0,"comment_status":"closed","ping_status":"closed","template":"g1_template_page_full.php","meta":{"footnotes":""},"class_list":["post-50","page","type-page","status-publish"],"_links":{"self":[{"href":"http:\/\/www.friolclub.fr\/index.php?rest_route=\/wp\/v2\/pages\/50","targetHints":{"allow":["GET"]}}],"collection":[{"href":"http:\/\/www.friolclub.fr\/index.php?rest_route=\/wp\/v2\/pages"}],"about":[{"href":"http:\/\/www.friolclub.fr\/index.php?rest_route=\/wp\/v2\/types\/page"}],"author":[{"embeddable":true,"href":"http:\/\/www.friolclub.fr\/index.php?rest_route=\/wp\/v2\/users\/1"}],"replies":[{"embeddable":true,"href":"http:\/\/www.friolclub.fr\/index.php?rest_route=%2Fwp%2Fv2%2Fcomments&post=50"}],"version-history":[{"count":44,"href":"http:\/\/www.friolclub.fr\/index.php?rest_route=\/wp\/v2\/pages\/50\/revisions"}],"predecessor-version":[{"id":2026,"href":"http:\/\/www.friolclub.fr\/index.php?rest_route=\/wp\/v2\/pages\/50\/revisions\/2026"}],"wp:attachment":[{"href":"http:\/\/www.friolclub.fr\/index.php?rest_route=%2Fwp%2Fv2%2Fmedia&parent=50"}],"curies":[{"name":"wp","href":"https:\/\/api.w.org\/{rel}","templated":true}]}}