{"id":57,"date":"2020-01-07T13:57:14","date_gmt":"2020-01-07T12:57:14","guid":{"rendered":"http:\/\/www.friolclub.fr\/wp\/?page_id=57"},"modified":"2026-01-16T11:18:19","modified_gmt":"2026-01-16T10:18:19","slug":"licence-friol","status":"publish","type":"page","link":"http:\/\/www.friolclub.fr\/?page_id=57","title":{"rendered":"Licence Friol"},"content":{"rendered":"<span id=\"g1-space-1\" class=\"g1-space \" style=\"height:30px;\"><\/span>\n<ul class=\"g1-grid\"><li class=\"g1-column g1-two-third g1-valign-top\">\n<p><span style=\"color: #c03432;\"><strong>Choisir sa licence<\/strong><\/span><\/p>\n<p>L&rsquo;adh\u00e9sion au Friol Club Tain Tournon comporte une cotisation annuelle au club de 20 \u20ac compl\u00e9t\u00e9e par une licence prise aupr\u00e8s d&rsquo;une des deux f\u00e9d\u00e9rations cyclistes que nous vous proposons. : <strong>FSGT<\/strong> et <strong>FFV\u00e9lo (FFCT)<\/strong><br \/>\nChoisissez celle qui r\u00e9pond le mieux \u00e0 votre attente de la pratique cycliste et \u00e0 vos objectifs.<\/p>\n<p><em>Quelques conseils :<\/em><br \/>\n<strong>\u2022 Si vous envisagez de participez \u00e0 des courses la licence FSGT est obligatoire.<\/strong> Elle permettent en outre de participer aux courses FSGT, \u00e0 certaines courses FFC et \u00e0 toutes les cyclosportives;<br \/>\n<strong>\u2022 <\/strong>Si vous envisagez de participez uniquement \u00e0 des cyclosportives cette licences FSGT est pratique car il n&rsquo;est pas n\u00e9cessaire d&rsquo;envoyer un certificat m\u00e9dical \u00e0 chaque inscription : une photocopie de la licence suffit pour l&rsquo;inscription.<br \/>\n<strong>\u2022 <\/strong>Si vous n&rsquo;envisagez pas de courses cyclosportives (ou bien seulement une ou deux dans l&rsquo;ann\u00e9e) la licence FFV\u00e9lo peut aussi bien convenir sachant que la FFV\u00e9lo n&rsquo;encourage pas la comp\u00e9tition et fait la promotion exclusive du cyclotourisme. Une copie de votre certificat m\u00e9dicale datant de moins d\u2019un an vous sera demand\u00e9 \u00e0 chaque inscription<br \/>\n<strong>\u2022 <\/strong>Le choix peut aussi se faire en fonction des garanties offertes par chaque assurance : pour en savoir plus reportez vous sur la page correspondante.<br \/>\nQuelque soit votre choix, vous \u00eates avant tout un(e) licenci\u00e9(e) membre du Friol Club Tain Tournon<br \/>\nTout licenci\u00e9 b\u00e9n\u00e9ficie des m\u00eames avantages quelque soit la f\u00e9d\u00e9ration aupr\u00e8s de laquelle il s&rsquo;est inscrit.<\/p>\n<\/li><!-- -->\n<li class=\"g1-column g1-one-third g1-valign-top\">\n<div id=\"g1-box-counter-1\" class=\"g1-box g1-box--simple  g1-box--icon\" ><i class=\"fa fa-info g1-box__icon\"><\/i><div class=\"g1-box__inner\">\n<p class=\"Normal-P\"><span style=\"color: #c03432;\"><strong><span class=\"Normal-C1\">S\u00e9curit\u00e9 : <\/span><\/strong><\/span><\/p>\n<p class=\"Normal-P\"><span class=\"Normal-C1\">Le respect du Code de la route est primordial.<br \/>\n<\/span><span class=\"Normal-C1\">Pensez \u00e0 v\u00e9rifier l\u2019\u00e9tat de votre v\u00e9lo avant chaque sortie.<br \/>\n<\/span><span class=\"Normal-C1\">Port du casque : Le casque permet d\u2019\u00e9viter les graves traumatismes cr\u00e2niens en cas de choc \u00e0 la t\u00eate.<br \/>\n<\/span><span class=\"Normal-C1\"><em>Le port du casque est obligatoire pour les licenci\u00e9s FSGT (courses, entrainement, sorties groupe).<\/em><br \/>\n<\/span><span class=\"Normal-C1\">Et il est vivement recommand\u00e9 dans toutes les sorties club pour les licenci\u00e9s FFCT.<\/span><\/p>\n<\/div><\/div>\n<\/li><!-- --><\/ul>\n<div id=\"g1-divider-1\" class=\"g1-divider g1-divider--none g1-divider--noicon \"><\/div>\n<p><span style=\"color: #c03432;\"><strong>Implication personnelle dans la vie du club :<\/strong><\/span><\/p>\n<p>Le club organise chaque ann\u00e9e des manifestations cyclistes : <strong>La journ\u00e9e de la femme<\/strong>, <strong>le Rallye du Doux et aide \u00e0 l&rsquo;organisation d&rsquo;autres manifestations propos\u00e9es par le regroupement HTCO <\/strong>(Hermitage Tournonais Cyclisme Organisation) .<strong><br \/>\n<\/strong><strong>\u2022 La Randonn\u00e9e des Gorges du Doux<\/strong> (ex Rallye du Doux) est un rallye cyclotouriste qui part de Tournon et propose divers parcours en Ard\u00e8che.<br \/>\nL\u2019accueil, le fl\u00e9chage et la tenue des ravitaillements requi\u00e8rent la pr\u00e9sence de nombreux membres du Friol.<br \/>\n<strong>L\u2019organisation de \u00e9v\u00e9nements n\u00e9cessite donc une forte implication des membres du Friol. <\/strong><\/p>\n<p><strong>Chaque membre est tenu d\u2019apporter son concours chaque ann\u00e9e \u00e0 au moins l\u2019une de ces organisations (en fonction de sa disponibilit\u00e9).<\/strong><\/p>\n<div id=\"g1-divider-2\" class=\"g1-divider g1-divider--none g1-divider--noicon \"><\/div>\n<ul class=\"g1-grid\"><li class=\"g1-column g1-one-half g1-valign-top\">\n<p><span style=\"color: #c03432;\"><strong>Licence FSGT<\/strong><\/span><\/p>\n<p>Une seule licence propos\u00e9e quelque soit la pratique : Comp\u00e9tition FSGT, cyclosportives ou cyclotourisme<\/p>\n<p><strong><span style=\"color: #ff0000;\">La tarif de la licence FSGT 2026 est \u00e0 61 \u20ac (dont 20\u20ac de cotisation club)<\/span><br \/>\n<\/strong><\/p>\n<p>La licence est valable d\u00e9sormais pour une ann\u00e9e calendaire.<br \/>\nElle comprend une assurance qui vous couvre dans votre pratique du v\u00e9lo.<br \/>\n<em>Les garanties de base attach\u00e9es aux licences FSGT ne couvrent pas le mat\u00e9riel (v\u00e9lo et accessoires divers, v\u00eatement) des garanties compl\u00e9mentaires peuvent \u00eatre souscrites sur demande.<\/em><\/p>\n<p>Pour les licenci\u00e9s elle se renouvelle donc chaque ann\u00e9e courant d\u00e9cembre ou d\u00e9but janvier mais pour les nouveaux membres on peut la prendre en cours d&rsquo;ann\u00e9e.<br \/>\n<strong>Pour obtenir une nouvelle licence il faut remplir le questionnaire de sant\u00e9. Si vous r\u00e9pondez n\u00e9gativement \u00e0 toutes les questions, il suffit de remplir l&rsquo; attestation sur l&rsquo; honneur.<br \/>\n<\/strong>En cas de nouvelle inscription merci n\u2019indiquez votre adresse et num\u00e9ros de t\u00e9l\u00e9phone, votre date de naissance ainsi que votre adresse de courriel si vous en poss\u00e9dez une, sur papier libre.<\/p>\n<p>Le correspondant FSGT pour le Friol est\u00a0<a href=\"http:\/\/www.friolclub.fr\/?page_id=50\">Jean Marc Larriviere<\/a><\/p>\n<p><em>Quelques liens :<\/em><br \/>\n<a href=\"https:\/\/www.fsgt.org\/activites\/velo\/\" target=\"_blank\" rel=\"noopener noreferrer\">Site FSGT cyclisme<\/a><br \/>\n<a href=\"https:\/\/www.fsgtvelo2607.fr\/\" target=\"_blank\" rel=\"noopener noreferrer\">Site FSGT 26\/07<\/a><\/p>\n<span id=\"g1-space-2\" class=\"g1-space \" style=\"height:1.5em;\"><\/span>\n<p><strong>Le FRIOL Club fait partie de l&rsquo;association HTCO qui regroupe 7 clubs cyclistes<br \/>\n<\/strong>HTCO : Hermitage Tournonais Cyclisme Organisation<\/p>\n<ul>\n<li>UCTT<\/li>\n<li><a href=\"https:\/\/www.velo-club-valrhona-tain-tournon.com\" target=\"_blank\" rel=\"noopener noreferrer\">V\u00e9lo club Valrhona<\/a><\/li>\n<li><a href=\"https:\/\/www.vtt-club-tain-tournon.fr\" target=\"_blank\" rel=\"noopener noreferrer\">VTT club Tournon<\/a><\/li>\n<li>Roue Libre Muzolaise<\/li>\n<li>Amicale Pont d\u2019Isere \u2013 La Roche de GluN<\/li>\n<li><a href=\"https:\/\/hermitage-tournonais-triathlon.com\/\" target=\"_blank\" rel=\"noopener noreferrer\">Hermitage Tournonais Triathlon<\/a><\/li>\n<li><a href=\"http:\/\/www.friolclub.fr\/\" target=\"_blank\" rel=\"noopener noreferrer\">Friol Club Tain Tournon<\/a><\/li>\n<\/ul>\n<\/li><!-- -->\n<li class=\"g1-column g1-one-half g1-valign-top\">\n<p><span style=\"color: #c03432;\"><strong>Licence FFV\u00e9lo (FFCT)<\/strong><\/span><\/p>\n<p class=\"Normal-P\"><strong><span class=\"Normal-C0\">Le club propose deux formules de la licence : Petit Braquet et Grand Braquet.<\/span><\/strong><\/p>\n<p class=\"Normal-P0\"><span class=\"Normal-C1\">Un tarif famille, de m\u00eame qu\u2019une version abonnement \u00e0 la revue sont aussi disponible.<\/span><\/p>\n<p class=\"Normal-P1\"><strong><span class=\"Normal-C2\">La licence FFV\u00e9lo concerne les pratiquants loisir (cyclotouristes)<\/span><\/strong><\/p>\n<ul class=\"Normal-P2\">\n<li class=\"Normal-P3\"><span class=\"Normal-C1\">La licence est valable de d\u00e9but janvier \u00e0 fin d\u00e9cembre et se renouvelle vers le 15 d\u00e9cembre ou en d\u00e9but d\u2019ann\u00e9e.<\/span><\/li>\n<li class=\"Normal-P3\"><span class=\"Normal-C3\">La premi\u00e8re licence prise en septembre vous permet de b\u00e9n\u00e9ficier de 16 mois d\u2019adh\u00e9sion (et l\u2019application des tarifs 2015)<\/span><\/li>\n<li class=\"Normal-P3\"><span class=\"Normal-C1\">Le prix de la licence varie selon la formule d&rsquo;assurance choisie, le nombre de personnes et l&rsquo;abonnement ou non \u00e0 la revue (voir tableau ci dessous)<\/span><\/li>\n<li class=\"Normal-P3\"><em><span class=\"Normal-C3\">Le port du casque est vivement recommand\u00e9 dans toutes les sorties club (courses, entrainement, sorties groupe).<\/span><\/em><\/li>\n<\/ul>\n<p class=\"Normal-P4\"><span class=\"Normal-C2\">Pour obtenir une licence il faut remplir le questionnaire de sant\u00e9. Si vous r\u00e9pondez n\u00e9gativement \u00e0 toutes les questions, il suffit de remplir l&rsquo;attestation sur l&rsquo; honneur. Ensuite il faut remplir la notice d&rsquo; information du licenci\u00e9.<br \/>\n<\/span><span class=\"Normal-C1\">En cas de nouvelle inscription merci d\u2019indiquer votre adresse et num\u00e9ros de t\u00e9l\u00e9phone, votre date de naissance ainsi que votre adresse de courriel si vous en poss\u00e9dez une, sur papier libre<\/span><\/p>\n<p class=\"Normal-P4\"><span class=\"Normal-C2\"><span style=\"color: #000000;\"><strong>Pour prendre une licence FFV\u00e9lo au Friol prendre contact avec <\/strong><\/span><a href=\"http:\/\/www.friolclub.fr\/?page_id=50\"><span style=\"color: #993300;\"><strong><span style=\"color: #000000;\">Henri Neyret.<\/span><\/strong><\/span><\/a><\/span><\/p>\n<p><strong><span class=\"Default-Paragraph-Font-C\" style=\"color: #c03432;\">Tarif licences FRIOL &#8211; FFV\u00e9lo 2026 (dont 20 \u20ac de cotisation club)<br \/>\n<\/span><\/strong><span style=\"color: #ff0000;\"><strong><span class=\"Default-Paragraph-Font-C\">Formule<br \/>\n<\/span><span class=\"Default-Paragraph-Font-C\"><span class=\"Default-Paragraph-Font-C\">Petit Braquet* :\u00a0<span class=\"Normal-C0\">Adulte 77 \u20ac &#8211; Famille 2\u00e8me adulte 61,50 \u20ac<\/span><\/span><\/span><\/strong><\/span><br \/>\n<span style=\"color: #ff0000;\"> <strong> Grand Braquet* :\u00a0<span class=\"Normal-C0\">Adulte 121,50<\/span><\/strong><span class=\"Normal-C0\"><strong> \u20ac &#8211; Famille 2\u00e8me adulte 106,00 \u20ac.<\/strong><\/span><strong><span class=\"Default-Paragraph-Font-C\"><span class=\"Default-Paragraph-Font-C\"><span class=\"Normal-C0\"><br \/>\n<\/span><\/span><\/span>Abonnement revue 1 an : ajouter 32 \u20ac<\/strong><\/span><\/p>\n<p><span class=\"Normal-C3\">Quelques liens :<br \/>\n<\/span><span class=\"Normal-C2\"><a href=\"http:\/\/www.ffct.org\/\" target=\"_blank\" rel=\"noopener noreferrer\">Site FFCT<\/a><br \/>\n<\/span><span class=\"Normal-C2\"><a href=\"http:\/\/www.friolclub.fr\/wp\/wp-content\/uploads\/2022\/01\/NOTICE-INFORMATION-2022-VERSION-COMPLETE.pdf\" target=\"_blank\" rel=\"noopener noreferrer\">Guide assurance du licenci\u00e9<\/a><\/span><\/p>\n<\/li><!-- --><\/ul>\n","protected":false},"excerpt":{"rendered":"<p>Implication personnelle dans la vie du club : Le club organise chaque ann\u00e9e des manifestations cyclistes : La journ\u00e9e de la femme, le Rallye du Doux et aide \u00e0 l&rsquo;organisation d&rsquo;autres manifestations propos\u00e9es par le regroupement HTCO (Hermitage Tournonais Cyclisme Organisation) . \u2022 La Randonn\u00e9e des Gorges du Doux (ex Rallye du Doux) est un [&hellip;]<\/p>\n","protected":false},"author":1,"featured_media":0,"parent":0,"menu_order":0,"comment_status":"closed","ping_status":"closed","template":"g1_template_page_full.php","meta":{"footnotes":""},"class_list":["post-57","page","type-page","status-publish"],"_links":{"self":[{"href":"http:\/\/www.friolclub.fr\/index.php?rest_route=\/wp\/v2\/pages\/57","targetHints":{"allow":["GET"]}}],"collection":[{"href":"http:\/\/www.friolclub.fr\/index.php?rest_route=\/wp\/v2\/pages"}],"about":[{"href":"http:\/\/www.friolclub.fr\/index.php?rest_route=\/wp\/v2\/types\/page"}],"author":[{"embeddable":true,"href":"http:\/\/www.friolclub.fr\/index.php?rest_route=\/wp\/v2\/users\/1"}],"replies":[{"embeddable":true,"href":"http:\/\/www.friolclub.fr\/index.php?rest_route=%2Fwp%2Fv2%2Fcomments&post=57"}],"version-history":[{"count":33,"href":"http:\/\/www.friolclub.fr\/index.php?rest_route=\/wp\/v2\/pages\/57\/revisions"}],"predecessor-version":[{"id":2386,"href":"http:\/\/www.friolclub.fr\/index.php?rest_route=\/wp\/v2\/pages\/57\/revisions\/2386"}],"wp:attachment":[{"href":"http:\/\/www.friolclub.fr\/index.php?rest_route=%2Fwp%2Fv2%2Fmedia&parent=57"}],"curies":[{"name":"wp","href":"https:\/\/api.w.org\/{rel}","templated":true}]}}