{"id":61,"date":"2020-01-07T13:58:53","date_gmt":"2020-01-07T12:58:53","guid":{"rendered":"http:\/\/www.friolclub.fr\/wp\/?page_id=61"},"modified":"2025-09-01T15:39:25","modified_gmt":"2025-09-01T13:39:25","slug":"contact","status":"publish","type":"page","link":"http:\/\/www.friolclub.fr\/?page_id=61","title":{"rendered":"Contact"},"content":{"rendered":"<span id=\"g1-space-1\" class=\"g1-space \" style=\"height:30px;\"><\/span>\n<p><span style=\"color: #c03432;\"><strong>Pour une prise de contact ou pour toute demande d\u2019informations merci d&rsquo;envoyer un email \u00e0 notre pr\u00e9sident ou \u00e0 notre secr\u00e9taire en utilisant une des adresses ci dessous :\u00a0<\/strong><\/span><\/p>\n<ul>\n<li><a href=\"mailto:president@friolclub.fr\">adresse pr\u00e9sident <\/a><\/li>\n<li><a href=\"mailto:secretaire@friolclub.fr\">adresse secr\u00e9taire<\/a><\/li>\n<\/ul>\n<p>ou bien envoyer votre courrier par la poste ou la d\u00e9poser directement dans la boite aux lettres du club \u00e0 :<\/p>\n<p>Maison des Associations<br \/>\nSquare Louis Mortreux<br \/>\n13 rue du Docteur Tournaire<br \/>\n26600 Tain l\u2019Hermitage<\/p>\n<p>La boite aux lettres du Friol Club se trouve avec d&rsquo;autres \u00e0 cot\u00e9 de l&rsquo;entr\u00e9e de la salle \u00ab\u00a0Docteur Paul Durand\u00a0\u00bb \u00e0 cot\u00e9 de la Maison des Associations<\/p>\n<span id=\"g1-space-2\" class=\"g1-space \" style=\"height:20px;\"><\/span>\n<ul class=\"g1-grid\"><li class=\"g1-column g1-one-half g1-valign-top\">\n<\/li><!-- -->\n<li class=\"g1-column g1-one-half g1-valign-top\">\n<\/li><!-- --><\/ul>\n","protected":false},"excerpt":{"rendered":"<p>Pour une prise de contact ou pour toute demande d\u2019informations merci d&rsquo;envoyer un email \u00e0 notre pr\u00e9sident ou \u00e0 notre secr\u00e9taire en utilisant une des adresses ci dessous :\u00a0 adresse pr\u00e9sident adresse secr\u00e9taire ou bien envoyer votre courrier par la poste ou la d\u00e9poser directement dans la boite aux lettres du club \u00e0 : Maison [&hellip;]<\/p>\n","protected":false},"author":1,"featured_media":0,"parent":0,"menu_order":0,"comment_status":"closed","ping_status":"closed","template":"g1_template_page_full.php","meta":{"footnotes":""},"class_list":["post-61","page","type-page","status-publish"],"_links":{"self":[{"href":"http:\/\/www.friolclub.fr\/index.php?rest_route=\/wp\/v2\/pages\/61","targetHints":{"allow":["GET"]}}],"collection":[{"href":"http:\/\/www.friolclub.fr\/index.php?rest_route=\/wp\/v2\/pages"}],"about":[{"href":"http:\/\/www.friolclub.fr\/index.php?rest_route=\/wp\/v2\/types\/page"}],"author":[{"embeddable":true,"href":"http:\/\/www.friolclub.fr\/index.php?rest_route=\/wp\/v2\/users\/1"}],"replies":[{"embeddable":true,"href":"http:\/\/www.friolclub.fr\/index.php?rest_route=%2Fwp%2Fv2%2Fcomments&post=61"}],"version-history":[{"count":19,"href":"http:\/\/www.friolclub.fr\/index.php?rest_route=\/wp\/v2\/pages\/61\/revisions"}],"predecessor-version":[{"id":2125,"href":"http:\/\/www.friolclub.fr\/index.php?rest_route=\/wp\/v2\/pages\/61\/revisions\/2125"}],"wp:attachment":[{"href":"http:\/\/www.friolclub.fr\/index.php?rest_route=%2Fwp%2Fv2%2Fmedia&parent=61"}],"curies":[{"name":"wp","href":"https:\/\/api.w.org\/{rel}","templated":true}]}}