{"id":67,"date":"2020-01-07T14:03:45","date_gmt":"2020-01-07T13:03:45","guid":{"rendered":"http:\/\/www.friolclub.fr\/wp\/?page_id=67"},"modified":"2024-12-11T15:08:41","modified_gmt":"2024-12-11T14:08:41","slug":"nos-circuits","status":"publish","type":"page","link":"http:\/\/www.friolclub.fr\/?page_id=67","title":{"rendered":"Nos circuits"},"content":{"rendered":"<span id=\"g1-space-1\" class=\"g1-space \" style=\"height:30px;\"><\/span>\n<p><span style=\"color: #c03432;\"><strong>Nos plus beaux circuits<\/strong><\/span><\/p>\n<p>Chers amis cyclistes nous mettons \u00e0 votre disposition gratuitement quelques beaux circuits dans la Dr\u00f4me, l\u2019Ard\u00e9che et le Vercors au d\u00e9part de Tournon sur Rh\u00f4ne. Le tableau ci dessous r\u00e9sume le d\u00e9partement travers\u00e9, le kilom\u00e9trage, le d\u00e9nivel\u00e9 ainsi que la difficult\u00e9.<\/p>\n<p><em>Attention :<\/em> Nous vous recommandons vivement de commencer par les circuits les plus faciles pour vous acclimater au relief. Dans la r\u00e9gion \u00e7a monte et \u00e7a descend souvent sans beaucoup de plat. A partir de 3* le circuit demande d\u2019avoir l\u2019habitude de monter r\u00e9guli\u00e8rement des cols et de faire des longues sorties. Ne vous engagez pas \u00e0 la l\u00e9g\u00e8re sur un parcours 3*\/4* et surtout pas seul.<\/p>\n<p><em>Avertissement :<\/em> Le Friol Club d\u00e9cline toute responsabilit\u00e9. Nous proposons ces parcours \u00e0 titre indicatif. Vous devez vous assurer avant de vous engagez sur un circuit que vous en avez les capacit\u00e9s. N\u2019oubliez pas d\u2019emmenez des boissons et des barres \u00e9nerg\u00e9tiques en quantit\u00e9 suffisante ainsi qu\u2019une carte d\u00e9taill\u00e9e de la r\u00e9gion.<\/p>\n<p><em><span style=\"color: #993366;\">Merci \u00e0 Jean Luc Billon pour la cr\u00e9ation de ces parcours<\/span><\/em><\/p>\n<table id=\"table_19\" style=\"height: 306px;\" width=\"881\" cellspacing=\"0\" cellpadding=\"0\">\n<tbody>\n<tr id=\"table_19_R01\">\n<td id=\"table_19_R01C01\"><strong>Parcours<\/strong><\/td>\n<td id=\"table_19_R01C02\"><strong>Titre &#8211; T\u00e9l\u00e9chargement<\/strong><\/td>\n<td id=\"table_19_R01C03\"><strong>D\u00e9pt <\/strong><\/td>\n<td id=\"table_19_R01C04\"><strong>Km<\/strong><\/td>\n<td id=\"table_19_R01C05\"><strong>D\u00e9nivel\u00e9<\/strong><\/td>\n<td id=\"table_19_R01C06\"><strong>Difficult\u00e9<\/strong><\/td>\n<\/tr>\n<tr id=\"table_19_R02\">\n<td id=\"table_19_R02C01\">Circuit N\u00b01<\/td>\n<td id=\"table_19_R02C02\"><a href=\"http:\/\/www.friolclub.fr\/Circuit1.pdf\">La Dr\u00f4me des collines<\/a><\/td>\n<td id=\"table_19_R02C03\">26<\/td>\n<td id=\"table_19_R02C04\">78 km<\/td>\n<td id=\"table_19_R02C05\">890 m<\/td>\n<td id=\"table_19_R02C06\">**<\/td>\n<\/tr>\n<tr id=\"table_19_R03\">\n<td id=\"table_19_R03C01\">Circuit N\u00b02<\/td>\n<td id=\"table_19_R03C02\"><a href=\"http:\/\/www.friolclub.fr\/Circuit2.pdf\">Le Doux et la rivi\u00e8re d&rsquo;Ay<\/a><\/td>\n<td id=\"table_19_R03C03\">07<\/td>\n<td id=\"table_19_R03C04\">108 km<\/td>\n<td id=\"table_19_R03C05\">1630 m<\/td>\n<td id=\"table_19_R03C06\">***<\/td>\n<\/tr>\n<tr id=\"table_19_R04\">\n<td id=\"table_19_R04C01\">Circuit N\u00b03<\/td>\n<td id=\"table_19_R04C02\"><a href=\"http:\/\/www.friolclub.fr\/Circuit3.pdf\">Le St Genest<\/a><\/td>\n<td id=\"table_19_R04C03\">07<\/td>\n<td id=\"table_19_R04C04\">93 km<\/td>\n<td id=\"table_19_R04C05\">1350 m<\/td>\n<td id=\"table_19_R04C06\">**<\/td>\n<\/tr>\n<tr id=\"table_19_R05\">\n<td id=\"table_19_R05C01\">Circuit N\u00b04<\/td>\n<td id=\"table_19_R05C02\"><a href=\"http:\/\/www.friolclub.fr\/Circuit4.pdf\">Les contreforts du Vercors<\/a><\/td>\n<td id=\"table_19_R05C03\">26<\/td>\n<td id=\"table_19_R05C04\">128 km<\/td>\n<td id=\"table_19_R05C05\">1715 m<\/td>\n<td id=\"table_19_R05C06\">***<\/td>\n<\/tr>\n<tr id=\"table_19_R06\">\n<td id=\"table_19_R06C01\">Circuit N\u00b05<\/td>\n<td id=\"table_19_R06C02\"><a href=\"http:\/\/www.friolclub.fr\/Circuit5.pdf\">Aux portes de l&rsquo;Is\u00e8re<\/a><\/td>\n<td id=\"table_19_R06C03\">26\/38<\/td>\n<td id=\"table_19_R06C04\">99 km<\/td>\n<td id=\"table_19_R06C05\">1060 m<\/td>\n<td id=\"table_19_R06C06\">**<\/td>\n<\/tr>\n<tr id=\"table_19_R07\">\n<td id=\"table_19_R07C01\">Circuit N\u00b06<\/td>\n<td id=\"table_19_R07C02\"><a href=\"http:\/\/www.friolclub.fr\/CircuitN6.pdf\">C<\/a><a href=\"http:\/\/www.friolclub.fr\/Circuit6.pdf\">ombe Laval<\/a><\/td>\n<td id=\"table_19_R07C03\">26<\/td>\n<td id=\"table_19_R07C04\">156 km<\/td>\n<td id=\"table_19_R07C05\">2765 m<\/td>\n<td id=\"table_19_R07C06\">****<\/td>\n<\/tr>\n<tr id=\"table_19_R08\">\n<td id=\"table_19_R08C01\">Circuit N\u00b07<\/td>\n<td id=\"table_19_R08C02\"><a href=\"http:\/\/www.friolclub.fr\/CircuitN7.pdf\">Le <\/a><a href=\"http:\/\/www.friolclub.fr\/Circuit7.pdf\">Bolet<\/a><\/td>\n<td id=\"table_19_R08C03\">07\/42<\/td>\n<td id=\"table_19_R08C04\">142 km<\/td>\n<td id=\"table_19_R08C05\">2405 m<\/td>\n<td id=\"table_19_R08C06\">***<\/td>\n<\/tr>\n<tr id=\"table_19_R09\">\n<td id=\"table_19_R09C01\">Circuit N\u00b08<\/td>\n<td id=\"table_19_R09C02\"><a href=\"http:\/\/www.friolclub.fr\/CircuitN8.pdf\">B<\/a><a href=\"http:\/\/www.friolclub.fr\/Circuit8.pdf\">elv\u00e9d\u00e8re de St R<\/a><a href=\"http:\/\/www.friolclub.fr\/CircuitN8.pdf\">omain<\/a><\/td>\n<td id=\"table_19_R09C03\">07<\/td>\n<td id=\"table_19_R09C04\">31 km<\/td>\n<td id=\"table_19_R09C05\">530 m<\/td>\n<td id=\"table_19_R09C06\">**<\/td>\n<\/tr>\n<tr id=\"table_19_R10\">\n<td id=\"table_19_R10C01\">Circuit N\u00b09<\/td>\n<td id=\"table_19_R10C02\"><a href=\"http:\/\/www.friolclub.fr\/Circuit9.pdf\">Au pied du Ve<\/a><a href=\"http:\/\/www.friolclub.fr\/CircuitN9.pdf\">rcors<\/a><\/td>\n<td id=\"table_19_R10C03\">26<\/td>\n<td id=\"table_19_R10C04\">76 km<\/td>\n<td id=\"table_19_R10C05\">580 m<\/td>\n<td id=\"table_19_R10C06\">**<\/td>\n<\/tr>\n<tr id=\"table_19_R11\">\n<td id=\"table_19_R11C01\">Circuit N\u00b010<\/td>\n<td id=\"table_19_R11C02\"><a href=\"http:\/\/www.friolclub.fr\/Circuit10.pdf\">Le Doux<\/a><\/td>\n<td id=\"table_19_R11C03\">07<\/td>\n<td id=\"table_19_R11C04\">54 km<\/td>\n<td id=\"table_19_R11C05\">710 m<\/td>\n<td id=\"table_19_R11C06\">**<\/td>\n<\/tr>\n<tr id=\"table_19_R12\">\n<td id=\"table_19_R12C01\"><\/td>\n<td id=\"table_19_R12C02\" colspan=\"5\"><\/td>\n<\/tr>\n<\/tbody>\n<\/table>\n<p><strong><span style=\"color: #c03432;\">Niveau de difficult\u00e9<\/span><br \/>\n<\/strong>* facile,<br \/>\n** moyennement difficile,<br \/>\n*** difficile,<br \/>\n**** tr\u00e8s difficile.<\/p>\n<span id=\"g1-space-2\" class=\"g1-space \" style=\"height:20px;\"><\/span>\n","protected":false},"excerpt":{"rendered":"<p>Nos plus beaux circuits Chers amis cyclistes nous mettons \u00e0 votre disposition gratuitement quelques beaux circuits dans la Dr\u00f4me, l\u2019Ard\u00e9che et le Vercors au d\u00e9part de Tournon sur Rh\u00f4ne. Le tableau ci dessous r\u00e9sume le d\u00e9partement travers\u00e9, le kilom\u00e9trage, le d\u00e9nivel\u00e9 ainsi que la difficult\u00e9. Attention : Nous vous recommandons vivement de commencer par les [&hellip;]<\/p>\n","protected":false},"author":1,"featured_media":0,"parent":0,"menu_order":0,"comment_status":"closed","ping_status":"closed","template":"g1_template_page_full.php","meta":{"footnotes":""},"class_list":["post-67","page","type-page","status-publish"],"_links":{"self":[{"href":"http:\/\/www.friolclub.fr\/index.php?rest_route=\/wp\/v2\/pages\/67","targetHints":{"allow":["GET"]}}],"collection":[{"href":"http:\/\/www.friolclub.fr\/index.php?rest_route=\/wp\/v2\/pages"}],"about":[{"href":"http:\/\/www.friolclub.fr\/index.php?rest_route=\/wp\/v2\/types\/page"}],"author":[{"embeddable":true,"href":"http:\/\/www.friolclub.fr\/index.php?rest_route=\/wp\/v2\/users\/1"}],"replies":[{"embeddable":true,"href":"http:\/\/www.friolclub.fr\/index.php?rest_route=%2Fwp%2Fv2%2Fcomments&post=67"}],"version-history":[{"count":8,"href":"http:\/\/www.friolclub.fr\/index.php?rest_route=\/wp\/v2\/pages\/67\/revisions"}],"predecessor-version":[{"id":2014,"href":"http:\/\/www.friolclub.fr\/index.php?rest_route=\/wp\/v2\/pages\/67\/revisions\/2014"}],"wp:attachment":[{"href":"http:\/\/www.friolclub.fr\/index.php?rest_route=%2Fwp%2Fv2%2Fmedia&parent=67"}],"curies":[{"name":"wp","href":"https:\/\/api.w.org\/{rel}","templated":true}]}}