{"id":69,"date":"2020-01-07T14:04:06","date_gmt":"2020-01-07T13:04:06","guid":{"rendered":"http:\/\/www.friolclub.fr\/wp\/?page_id=69"},"modified":"2025-11-21T18:40:43","modified_gmt":"2025-11-21T17:40:43","slug":"liens-et-partenaires","status":"publish","type":"page","link":"http:\/\/www.friolclub.fr\/?page_id=69","title":{"rendered":"Liens et partenaires"},"content":{"rendered":"<span id=\"g1-space-1\" class=\"g1-space \" style=\"height:30px;\"><\/span>\n<p><span style=\"color: #c03432;\"><strong><span class=\"Normal-C\">Nos partenaires et sponsors<\/span><\/strong><\/span><\/p>\n<ul class=\"g1-grid\"><li class=\"g1-column g1-one-fifth g1-valign-top\" data-g1-delay=\"on\">\n<p><a href=\"http:\/\/www.ville-tournon.com\/accueilfr.php\" target=\"_blank\" rel=\"noopener noreferrer\"><img loading=\"lazy\" decoding=\"async\" class=\"alignnone size-full wp-image-183 aligncenter\" src=\"http:\/\/www.friolclub.fr\/wp\/wp-content\/uploads\/2020\/01\/logo_tournon.jpg\" alt=\"\" width=\"150\" height=\"150\" \/><\/a><\/p>\n<p style=\"text-align: center;\"><strong><a href=\"http:\/\/www.ville-tournon.com\/accueilfr.php\" target=\"_blank\" rel=\"noopener noreferrer\">Ville de Tournon sur Rh\u00f4ne<\/a><\/strong><br \/>\nToutes les infos sur la ville de Tournon sur Rh\u00f4ne en Ard\u00e8che (07).<\/p>\n<\/li><!-- -->\n<li class=\"g1-column g1-one-fifth g1-valign-top\" data-g1-delay=\"on\">\n<p style=\"text-align: center;\"><a href=\"http:\/\/www.tain-tourisme.com\/fichiers_fr\/index_notre_ville.htm\" target=\"_blank\" rel=\"noopener noreferrer\"><img loading=\"lazy\" decoding=\"async\" class=\"alignnone size-full wp-image-182\" src=\"http:\/\/www.friolclub.fr\/wp\/wp-content\/uploads\/2020\/01\/logo_tain.jpg\" alt=\"\" width=\"150\" height=\"150\" \/><\/a><\/p>\n<p style=\"text-align: center;\"><strong><a href=\"http:\/\/www.tain-tourisme.com\/fichiers_fr\/index_notre_ville.htm\" target=\"_blank\" rel=\"noopener noreferrer\">Ville de Tain l\u2019Hermitage<\/a><\/strong><br \/>\nToutes les infos sur la ville de Tain l\u2019Hermitage en Dr\u00f4me (26).<\/p>\n<\/li><!-- -->\n<li class=\"g1-column g1-one-fifth g1-valign-top\" data-g1-delay=\"on\">\n<p style=\"text-align: center;\"><img loading=\"lazy\" decoding=\"async\" class=\"alignnone size-medium wp-image-1245\" src=\"http:\/\/www.friolclub.fr\/wp\/wp-content\/uploads\/2022\/03\/LA-MAISON-DU-CYCLE-2022-600x317.jpg\" alt=\"\" width=\"600\" height=\"317\" srcset=\"http:\/\/www.friolclub.fr\/wp\/wp-content\/uploads\/2022\/03\/LA-MAISON-DU-CYCLE-2022-600x317.jpg 600w, http:\/\/www.friolclub.fr\/wp\/wp-content\/uploads\/2022\/03\/LA-MAISON-DU-CYCLE-2022-1024x541.jpg 1024w, http:\/\/www.friolclub.fr\/wp\/wp-content\/uploads\/2022\/03\/LA-MAISON-DU-CYCLE-2022-768x406.jpg 768w, http:\/\/www.friolclub.fr\/wp\/wp-content\/uploads\/2022\/03\/LA-MAISON-DU-CYCLE-2022-968x512.jpg 968w, http:\/\/www.friolclub.fr\/wp\/wp-content\/uploads\/2022\/03\/LA-MAISON-DU-CYCLE-2022-636x336.jpg 636w, http:\/\/www.friolclub.fr\/wp\/wp-content\/uploads\/2022\/03\/LA-MAISON-DU-CYCLE-2022-320x169.jpg 320w, http:\/\/www.friolclub.fr\/wp\/wp-content\/uploads\/2022\/03\/LA-MAISON-DU-CYCLE-2022-239x126.jpg 239w, http:\/\/www.friolclub.fr\/wp\/wp-content\/uploads\/2022\/03\/LA-MAISON-DU-CYCLE-2022.jpg 1103w\" sizes=\"auto, (max-width: 600px) 100vw, 600px\" \/><\/p>\n<p style=\"text-align: center;\"><strong><a href=\"http:\/\/www.lamaisonducycle.com\/\" target=\"_blank\" rel=\"noopener noreferrer\">La Maison du Cycle<\/a><\/strong><br \/>\nDistribue les marques Lapierre, Look et Gitane<\/p>\n<\/li><!-- -->\n<li class=\"g1-column g1-one-fifth g1-valign-top\" data-g1-delay=\"on\">\n<p><img loading=\"lazy\" decoding=\"async\" class=\"alignnone size-medium wp-image-1247\" src=\"http:\/\/www.friolclub.fr\/wp\/wp-content\/uploads\/2022\/03\/VELODIS-2022-600x321.jpg\" alt=\"\" width=\"600\" height=\"321\" srcset=\"http:\/\/www.friolclub.fr\/wp\/wp-content\/uploads\/2022\/03\/VELODIS-2022-600x321.jpg 600w, http:\/\/www.friolclub.fr\/wp\/wp-content\/uploads\/2022\/03\/VELODIS-2022-1024x548.jpg 1024w, http:\/\/www.friolclub.fr\/wp\/wp-content\/uploads\/2022\/03\/VELODIS-2022-768x411.jpg 768w, http:\/\/www.friolclub.fr\/wp\/wp-content\/uploads\/2022\/03\/VELODIS-2022-968x518.jpg 968w, http:\/\/www.friolclub.fr\/wp\/wp-content\/uploads\/2022\/03\/VELODIS-2022-636x341.jpg 636w, http:\/\/www.friolclub.fr\/wp\/wp-content\/uploads\/2022\/03\/VELODIS-2022-320x171.jpg 320w, http:\/\/www.friolclub.fr\/wp\/wp-content\/uploads\/2022\/03\/VELODIS-2022-239x128.jpg 239w, http:\/\/www.friolclub.fr\/wp\/wp-content\/uploads\/2022\/03\/VELODIS-2022.jpg 1111w\" sizes=\"auto, (max-width: 600px) 100vw, 600px\" \/><\/p>\n<p style=\"text-align: center;\"><strong><a href=\"https:\/\/velodistournon.com\/\" target=\"_blank\" rel=\"noopener noreferrer\">V\u00e9lodis Tain<\/a><\/strong><br \/>\nV\u00e9lociste \u00e0 Tain l\u2019Hermitage \u2013 Distribue les marques Trek et Scott<\/p>\n<\/li><!-- -->\n<li class=\"g1-column g1-one-fifth g1-valign-top\" data-g1-delay=\"on\">\n<p><img loading=\"lazy\" decoding=\"async\" class=\"alignnone size-medium wp-image-1246\" src=\"http:\/\/www.friolclub.fr\/wp\/wp-content\/uploads\/2022\/03\/TOURNON-CYCLES-2022-600x316.jpg\" alt=\"\" width=\"600\" height=\"316\" srcset=\"http:\/\/www.friolclub.fr\/wp\/wp-content\/uploads\/2022\/03\/TOURNON-CYCLES-2022-600x316.jpg 600w, http:\/\/www.friolclub.fr\/wp\/wp-content\/uploads\/2022\/03\/TOURNON-CYCLES-2022-1024x539.jpg 1024w, http:\/\/www.friolclub.fr\/wp\/wp-content\/uploads\/2022\/03\/TOURNON-CYCLES-2022-768x405.jpg 768w, http:\/\/www.friolclub.fr\/wp\/wp-content\/uploads\/2022\/03\/TOURNON-CYCLES-2022-968x510.jpg 968w, http:\/\/www.friolclub.fr\/wp\/wp-content\/uploads\/2022\/03\/TOURNON-CYCLES-2022-636x335.jpg 636w, http:\/\/www.friolclub.fr\/wp\/wp-content\/uploads\/2022\/03\/TOURNON-CYCLES-2022-320x169.jpg 320w, http:\/\/www.friolclub.fr\/wp\/wp-content\/uploads\/2022\/03\/TOURNON-CYCLES-2022-239x126.jpg 239w, http:\/\/www.friolclub.fr\/wp\/wp-content\/uploads\/2022\/03\/TOURNON-CYCLES-2022.jpg 1101w\" sizes=\"auto, (max-width: 600px) 100vw, 600px\" \/><\/p>\n<p style=\"text-align: center;\"><a href=\"https:\/\/www.tournon-cycles.fr\/\">V\u00e9lociste \u00e0 Tournon<\/a><br \/>\nDistribue les marques Wilier, Colnago et Granville<\/p>\n<\/li><!-- --><\/ul>\n<div id=\"g1-divider-1\" class=\"g1-divider g1-divider--none g1-divider--noicon \"><\/div>\n<p><span style=\"color: #c03432;\"><strong><span class=\"Normal-C\">Les sites recommand\u00e9s par le FRIOL<\/span><\/strong><\/span><\/p>\n<ul class=\"g1-grid\"><li class=\"g1-column g1-one-fourth g1-valign-top\" data-g1-delay=\"on\">\n<p><span class=\"Normal-C0\"><strong>Union Cycliste Tain Tournon (UCTT)<\/strong><br \/>\n<span class=\"Normal-C1\">Club cycliste affili\u00e9 \u00e0 la FFC et disposant d\u2019une \u00e9cole cyclo pour les jeunes<br \/>\n<a href=\"http:\/\/uctt.e-monsite.com\/\" target=\"_blank\" rel=\"noopener noreferrer\">Site internet<\/a><\/span><br \/>\n<\/span><\/p>\n<\/li><!-- -->\n<li class=\"g1-column g1-one-fourth g1-valign-top\" data-g1-delay=\"on\">\n<p><span class=\"Normal-C0\"><strong>VTT Club Tain Tournon<\/strong><br \/>\n<span class=\"Normal-C1\">Club de VTT pour adultes<br \/>\n<a href=\"https:\/\/www.vtt-club-tain-tournon.fr\/\" target=\"_blank\" rel=\"noopener noreferrer\">Site internet<\/a><\/span><br \/>\n<\/span><\/p>\n<\/li><!-- -->\n<li class=\"g1-column g1-one-fourth g1-valign-top\">\n<p><strong>HTCO : <\/strong><strong>Hermitage Tournonais Cyclisme Organisation<br \/>\n<\/strong>HTCO\u00a0 regroupe six clubs v\u00e9los : UCTT, Roue Libre Muzolaise, VTT club Tain Tournon, Friol Club, VC Valrhona et AC Pont d&rsquo;Isere avec pour objectif la mise en commun de moyens mat\u00e9riel et de b\u00e9n\u00e9voles pour l&rsquo;organisation d\u2019\u00e9venements cyclistes r\u00e9gionaux ou nationaux<\/p>\n<\/li><!-- -->\n<li class=\"g1-column g1-one-fourth g1-valign-top\" data-g1-delay=\"on\">\n<p><span class=\"Normal-C0\"><strong>FSGT<\/strong><\/span><\/p>\n<p><span class=\"Normal-C0\"><span class=\"Normal-C1\">le site de la F\u00e9d\u00e9ration FSGT multipsorts<br \/>\n<a href=\"https:\/\/www.fsgt.org\/\" target=\"_blank\" rel=\"noopener noreferrer\">Site internet<\/a><\/span><br \/>\n<\/span><\/p>\n<\/li><!-- --><\/ul>\n<ul class=\"g1-grid\"><li class=\"g1-column g1-one-fourth g1-valign-top\" data-g1-delay=\"on\">\n<p><span class=\"Normal-C0\"><strong>Le Blog de Brigitte<\/strong><br \/>\n<span class=\"Normal-C1\">Le blog d\u2019une passionn\u00e9e de v\u00e9lo<br \/>\n<a href=\"http:\/\/www.multiactiv.fr\/\" target=\"_blank\" rel=\"noopener noreferrer\">Site internet<\/a><\/span><br \/>\n<\/span><\/p>\n<\/li><!-- -->\n<li class=\"g1-column g1-one-fourth g1-valign-top\" data-g1-delay=\"on\">\n<p><strong><span class=\"Normal-C0\">Sport Nature<br \/>\n<\/span><\/strong><span class=\"Normal-C0\"><span class=\"Normal-C1\">Le portail des guides ard\u00e9chois ind\u00e9pendants en Ard\u00e8che<br \/>\n<a href=\"https:\/\/sport-nature-ardeche.fr\/\" target=\"_blank\" rel=\"noopener noreferrer\">Site internet<\/a><\/span><\/span><strong><span class=\"Normal-C0\"><br \/>\n<\/span><\/strong><\/p>\n<\/li><!-- -->\n<li class=\"g1-column g1-one-fourth g1-valign-top\" data-g1-delay=\"on\">\n<p><span class=\"Normal-C0\"><strong>FFV\u00e9lo ou FFCT<\/strong><br \/>\n<span class=\"Normal-C1\">Site de la F\u00e9d\u00e9ration Fran\u00e7aise de Cyclo Tourisme<br \/>\n<a href=\"http:\/\/www.ffct.org\/\" target=\"_blank\" rel=\"noopener noreferrer\">Site internet<\/a><br \/>\n<\/span><\/span><\/p>\n<\/li><!-- -->\n<li class=\"g1-column g1-one-fourth g1-valign-top\" data-g1-delay=\"on\">\n<p><span class=\"Normal-C0\"><strong>S\u00e9curit\u00e9 FFCT<\/strong><br \/>\n<span class=\"Normal-C1\">Un site sp\u00e9cial \u00a0de la FFCT d\u00e9di\u00e9 \u00e0 la s\u00e9curit\u00e9<br \/>\n<\/span><span class=\"Normal-C1\"><a href=\"http:\/\/www.ffct.org\/securite\/\">Site internet<\/a><\/span><br \/>\n<\/span><\/p>\n<\/li><!-- --><\/ul>\n<ul class=\"g1-grid\"><li class=\"g1-column g1-one-fourth g1-valign-top\" data-g1-delay=\"on\">\n<p><span class=\"Normal-C0\"><strong>Cyclos cylcotes<\/strong><br \/>\n<span class=\"Normal-C1\">Une mine d\u2019informations pour les cyclotouristes (circuits, cols, randos, etc\u2026)<br \/>\n<a href=\"https:\/\/www.cyclos-cyclotes.org\/index.php\" target=\"_blank\" rel=\"noopener noreferrer\">Site internet<\/a><\/span><br \/>\n<\/span><\/p>\n<\/li><!-- -->\n<li class=\"g1-column g1-one-fourth g1-valign-top\" data-g1-delay=\"on\">\n<p><span class=\"Normal-C0\"><strong>FUBICY<\/strong><br \/>\n<span class=\"Normal-C1\">F\u00e9d\u00e9ration Fran\u00e7aise des Usagers de la Bicyclette<br \/>\n<a href=\"http:\/\/fubicy.org\/\" target=\"_blank\" rel=\"noopener noreferrer\">Site internet<\/a><\/span><br \/>\n<\/span><\/p>\n<\/li><!-- -->\n<li class=\"g1-column g1-one-fourth g1-valign-top\" data-g1-delay=\"on\">\n<\/li><!-- -->\n<li class=\"g1-column g1-one-fourth g1-valign-top\">\n<\/li><!-- --><\/ul>\n<ul class=\"g1-grid\"><li class=\"g1-column g1-three-fourth g1-valign-top\" data-g1-delay=\"on\">\n<\/li><!-- -->\n<li class=\"g1-column g1-one-fourth g1-valign-top\">\n<\/li><!-- --><\/ul>\n<span id=\"g1-space-2\" class=\"g1-space \" style=\"height:20px;\"><\/span>\n","protected":false},"excerpt":{"rendered":"<p>Nos partenaires et sponsors Les sites recommand\u00e9s par le FRIOL<\/p>\n","protected":false},"author":1,"featured_media":0,"parent":0,"menu_order":0,"comment_status":"closed","ping_status":"closed","template":"g1_template_page_full.php","meta":{"footnotes":""},"class_list":["post-69","page","type-page","status-publish"],"_links":{"self":[{"href":"http:\/\/www.friolclub.fr\/index.php?rest_route=\/wp\/v2\/pages\/69","targetHints":{"allow":["GET"]}}],"collection":[{"href":"http:\/\/www.friolclub.fr\/index.php?rest_route=\/wp\/v2\/pages"}],"about":[{"href":"http:\/\/www.friolclub.fr\/index.php?rest_route=\/wp\/v2\/types\/page"}],"author":[{"embeddable":true,"href":"http:\/\/www.friolclub.fr\/index.php?rest_route=\/wp\/v2\/users\/1"}],"replies":[{"embeddable":true,"href":"http:\/\/www.friolclub.fr\/index.php?rest_route=%2Fwp%2Fv2%2Fcomments&post=69"}],"version-history":[{"count":30,"href":"http:\/\/www.friolclub.fr\/index.php?rest_route=\/wp\/v2\/pages\/69\/revisions"}],"predecessor-version":[{"id":2327,"href":"http:\/\/www.friolclub.fr\/index.php?rest_route=\/wp\/v2\/pages\/69\/revisions\/2327"}],"wp:attachment":[{"href":"http:\/\/www.friolclub.fr\/index.php?rest_route=%2Fwp%2Fv2%2Fmedia&parent=69"}],"curies":[{"name":"wp","href":"https:\/\/api.w.org\/{rel}","templated":true}]}}